{"id":7,"date":"2020-03-30T16:52:25","date_gmt":"2020-03-30T16:52:25","guid":{"rendered":"https:\/\/www.tallerestecnodur.com\/?page_id=7"},"modified":"2020-04-03T21:37:40","modified_gmt":"2020-04-03T21:37:40","slug":"acerca-de","status":"publish","type":"page","link":"https:\/\/www.tallerestecnodur.com\/?page_id=7","title":{"rendered":"Acerca de nosotros"},"content":{"rendered":"\n<p>Tecnodur tiene una experiencia de m\u00e1s de 45 a\u00f1os desarrollando productos innovadores en&nbsp;<strong>todo el mundo<\/strong>, que han conseguido que nuestros clientes conf\u00eden en nosotros de manera sistem\u00e1tica, en la fabricaci\u00f3n de sus moldes para prefabricados de hormig\u00f3n.<\/p>\n\n\n\n<p><br>El equipo de Tecnodur tiene las tres&nbsp; capacidades m\u00e1s importantes para participar en proyectos&nbsp; de construcci\u00f3n tanto&nbsp; comunes como singulares.<\/p>\n\n\n\n<p><strong>Capacidad t\u00e9cnica<\/strong>.<br><strong>Capacidad tecnol\u00f3gica<\/strong>.<br><strong>Dilatada experiencia<\/strong>.<\/p>\n\n\n\n<p>En Tecnodur trabajamos para los  principales&nbsp;fabricantes de bloqueras&nbsp;del sector y hacemos moldes de todo tipo y durezas.<\/p>\n\n\n\n<p> Gracias a nuestro departamento t\u00e9cnico y a la tecnolog\u00eda CAD\/CAM que aplicamos en nuestra producci\u00f3n, conseguimos moldes de un alto ajuste y calidad. Ello nos ha llevado a un gran reconocimiento dentro del sector.<\/p>\n\n\n\n<div class=\"wp-block-image is-style-circle-mask\"><figure class=\"aligncenter size-large\"><img loading=\"lazy\" decoding=\"async\" width=\"648\" height=\"401\" src=\"https:\/\/www.tallerestecnodur.com\/wp-content\/uploads\/2020\/03\/mapa-2.png\" alt=\"\" class=\"wp-image-58\" srcset=\"https:\/\/www.tallerestecnodur.com\/wp-content\/uploads\/2020\/03\/mapa-2.png 648w, https:\/\/www.tallerestecnodur.com\/wp-content\/uploads\/2020\/03\/mapa-2-300x186.png 300w\" sizes=\"auto, (max-width: 648px) 100vw, 648px\" \/><\/figure><\/div>\n","protected":false},"excerpt":{"rendered":"<p>Tecnodur tiene una experiencia de m\u00e1s de 45 a\u00f1os desarrollando productos innovadores en&nbsp;todo el mundo, que han conseguido que nuestros clientes conf\u00eden en nosotros de manera sistem\u00e1tica, en la fabricaci\u00f3n de sus moldes para prefabricados de hormig\u00f3n. El equipo de Tecnodur tiene las tres&nbsp; capacidades m\u00e1s importantes para participar en proyectos&nbsp; de construcci\u00f3n tanto&nbsp; comunes &hellip; <\/p>\n<p class=\"link-more\"><a href=\"https:\/\/www.tallerestecnodur.com\/?page_id=7\" class=\"more-link\">Continuar leyendo<span class=\"screen-reader-text\"> \u00abAcerca de nosotros\u00bb<\/span><\/a><\/p>\n","protected":false},"author":1,"featured_media":75,"parent":0,"menu_order":0,"comment_status":"closed","ping_status":"closed","template":"","meta":{"footnotes":""},"class_list":["post-7","page","type-page","status-publish","has-post-thumbnail","hentry"],"yoast_head":"<!-- This site is optimized with the Yoast SEO plugin v24.9 - https:\/\/yoast.com\/wordpress\/plugins\/seo\/ -->\n<title>Acerca de nosotros - Moldes para prefabricados de hormig\u00f3n<\/title>\n<meta name=\"description\" content=\"Empresa de fabricaci\u00f3n de moldes para prefabricados de hormig\u00f3n\/concreto para prensas bloqueras. Moldes para bloques, bordillos, adoquines, bovedillas, etc\" \/>\n<meta name=\"robots\" content=\"index, follow, max-snippet:-1, max-image-preview:large, max-video-preview:-1\" \/>\n<link rel=\"canonical\" href=\"https:\/\/www.tallerestecnodur.com\/?page_id=7\" \/>\n<meta property=\"og:locale\" content=\"es_ES\" \/>\n<meta property=\"og:type\" content=\"article\" \/>\n<meta property=\"og:title\" content=\"Acerca de nosotros - Moldes para prefabricados de hormig\u00f3n\" \/>\n<meta property=\"og:description\" content=\"Empresa de fabricaci\u00f3n de moldes para prefabricados de hormig\u00f3n\/concreto para prensas bloqueras. Moldes para bloques, bordillos, adoquines, bovedillas, etc\" \/>\n<meta property=\"og:url\" content=\"https:\/\/www.tallerestecnodur.com\/?page_id=7\" \/>\n<meta property=\"og:site_name\" content=\"Moldes para prefabricados de hormig\u00f3n\" \/>\n<meta property=\"article:modified_time\" content=\"2020-04-03T21:37:40+00:00\" \/>\n<meta property=\"og:image\" content=\"https:\/\/www.tallerestecnodur.com\/wp-content\/uploads\/2020\/03\/20180628_183420-scaled.jpg\" \/>\n\t<meta property=\"og:image:width\" content=\"2560\" \/>\n\t<meta property=\"og:image:height\" content=\"1440\" \/>\n\t<meta property=\"og:image:type\" content=\"image\/jpeg\" \/>\n<meta name=\"twitter:card\" content=\"summary_large_image\" \/>\n<meta name=\"twitter:label1\" content=\"Tiempo de lectura\" \/>\n\t<meta name=\"twitter:data1\" content=\"1 minuto\" \/>\n<script type=\"application\/ld+json\" class=\"yoast-schema-graph\">{\"@context\":\"https:\/\/schema.org\",\"@graph\":[{\"@type\":\"WebPage\",\"@id\":\"https:\/\/www.tallerestecnodur.com\/?page_id=7\",\"url\":\"https:\/\/www.tallerestecnodur.com\/?page_id=7\",\"name\":\"Acerca de nosotros - Moldes para prefabricados de hormig\u00f3n\",\"isPartOf\":{\"@id\":\"https:\/\/www.tallerestecnodur.com\/#website\"},\"primaryImageOfPage\":{\"@id\":\"https:\/\/www.tallerestecnodur.com\/?page_id=7#primaryimage\"},\"image\":{\"@id\":\"https:\/\/www.tallerestecnodur.com\/?page_id=7#primaryimage\"},\"thumbnailUrl\":\"https:\/\/www.tallerestecnodur.com\/wp-content\/uploads\/2020\/03\/20180628_183420-scaled.jpg\",\"datePublished\":\"2020-03-30T16:52:25+00:00\",\"dateModified\":\"2020-04-03T21:37:40+00:00\",\"description\":\"Empresa de fabricaci\u00f3n de moldes para prefabricados de hormig\u00f3n\/concreto para prensas bloqueras. Moldes para bloques, bordillos, adoquines, bovedillas, etc\",\"breadcrumb\":{\"@id\":\"https:\/\/www.tallerestecnodur.com\/?page_id=7#breadcrumb\"},\"inLanguage\":\"es\",\"potentialAction\":[{\"@type\":\"ReadAction\",\"target\":[\"https:\/\/www.tallerestecnodur.com\/?page_id=7\"]}]},{\"@type\":\"ImageObject\",\"inLanguage\":\"es\",\"@id\":\"https:\/\/www.tallerestecnodur.com\/?page_id=7#primaryimage\",\"url\":\"https:\/\/www.tallerestecnodur.com\/wp-content\/uploads\/2020\/03\/20180628_183420-scaled.jpg\",\"contentUrl\":\"https:\/\/www.tallerestecnodur.com\/wp-content\/uploads\/2020\/03\/20180628_183420-scaled.jpg\",\"width\":2560,\"height\":1440},{\"@type\":\"BreadcrumbList\",\"@id\":\"https:\/\/www.tallerestecnodur.com\/?page_id=7#breadcrumb\",\"itemListElement\":[{\"@type\":\"ListItem\",\"position\":1,\"name\":\"Portada\",\"item\":\"https:\/\/www.tallerestecnodur.com\/\"},{\"@type\":\"ListItem\",\"position\":2,\"name\":\"Acerca de nosotros\"}]},{\"@type\":\"WebSite\",\"@id\":\"https:\/\/www.tallerestecnodur.com\/#website\",\"url\":\"https:\/\/www.tallerestecnodur.com\/\",\"name\":\"Moldes para prefabricados de hormig\u00f3n\",\"description\":\"\",\"publisher\":{\"@id\":\"https:\/\/www.tallerestecnodur.com\/#organization\"},\"potentialAction\":[{\"@type\":\"SearchAction\",\"target\":{\"@type\":\"EntryPoint\",\"urlTemplate\":\"https:\/\/www.tallerestecnodur.com\/?s={search_term_string}\"},\"query-input\":{\"@type\":\"PropertyValueSpecification\",\"valueRequired\":true,\"valueName\":\"search_term_string\"}}],\"inLanguage\":\"es\"},{\"@type\":\"Organization\",\"@id\":\"https:\/\/www.tallerestecnodur.com\/#organization\",\"name\":\"Moldes para prefabricados de hormig\u00f3n\",\"url\":\"https:\/\/www.tallerestecnodur.com\/\",\"logo\":{\"@type\":\"ImageObject\",\"inLanguage\":\"es\",\"@id\":\"https:\/\/www.tallerestecnodur.com\/#\/schema\/logo\/image\/\",\"url\":\"https:\/\/www.tallerestecnodur.com\/wp-content\/uploads\/2020\/03\/cropped-LOGO.png\",\"contentUrl\":\"https:\/\/www.tallerestecnodur.com\/wp-content\/uploads\/2020\/03\/cropped-LOGO.png\",\"width\":1368,\"height\":250,\"caption\":\"Moldes para prefabricados de hormig\u00f3n\"},\"image\":{\"@id\":\"https:\/\/www.tallerestecnodur.com\/#\/schema\/logo\/image\/\"}}]}<\/script>\n<!-- \/ Yoast SEO plugin. -->","yoast_head_json":{"title":"Acerca de nosotros - Moldes para prefabricados de hormig\u00f3n","description":"Empresa de fabricaci\u00f3n de moldes para prefabricados de hormig\u00f3n\/concreto para prensas bloqueras. Moldes para bloques, bordillos, adoquines, bovedillas, etc","robots":{"index":"index","follow":"follow","max-snippet":"max-snippet:-1","max-image-preview":"max-image-preview:large","max-video-preview":"max-video-preview:-1"},"canonical":"https:\/\/www.tallerestecnodur.com\/?page_id=7","og_locale":"es_ES","og_type":"article","og_title":"Acerca de nosotros - Moldes para prefabricados de hormig\u00f3n","og_description":"Empresa de fabricaci\u00f3n de moldes para prefabricados de hormig\u00f3n\/concreto para prensas bloqueras. Moldes para bloques, bordillos, adoquines, bovedillas, etc","og_url":"https:\/\/www.tallerestecnodur.com\/?page_id=7","og_site_name":"Moldes para prefabricados de hormig\u00f3n","article_modified_time":"2020-04-03T21:37:40+00:00","og_image":[{"width":2560,"height":1440,"url":"https:\/\/www.tallerestecnodur.com\/wp-content\/uploads\/2020\/03\/20180628_183420-scaled.jpg","type":"image\/jpeg"}],"twitter_card":"summary_large_image","twitter_misc":{"Tiempo de lectura":"1 minuto"},"schema":{"@context":"https:\/\/schema.org","@graph":[{"@type":"WebPage","@id":"https:\/\/www.tallerestecnodur.com\/?page_id=7","url":"https:\/\/www.tallerestecnodur.com\/?page_id=7","name":"Acerca de nosotros - Moldes para prefabricados de hormig\u00f3n","isPartOf":{"@id":"https:\/\/www.tallerestecnodur.com\/#website"},"primaryImageOfPage":{"@id":"https:\/\/www.tallerestecnodur.com\/?page_id=7#primaryimage"},"image":{"@id":"https:\/\/www.tallerestecnodur.com\/?page_id=7#primaryimage"},"thumbnailUrl":"https:\/\/www.tallerestecnodur.com\/wp-content\/uploads\/2020\/03\/20180628_183420-scaled.jpg","datePublished":"2020-03-30T16:52:25+00:00","dateModified":"2020-04-03T21:37:40+00:00","description":"Empresa de fabricaci\u00f3n de moldes para prefabricados de hormig\u00f3n\/concreto para prensas bloqueras. Moldes para bloques, bordillos, adoquines, bovedillas, etc","breadcrumb":{"@id":"https:\/\/www.tallerestecnodur.com\/?page_id=7#breadcrumb"},"inLanguage":"es","potentialAction":[{"@type":"ReadAction","target":["https:\/\/www.tallerestecnodur.com\/?page_id=7"]}]},{"@type":"ImageObject","inLanguage":"es","@id":"https:\/\/www.tallerestecnodur.com\/?page_id=7#primaryimage","url":"https:\/\/www.tallerestecnodur.com\/wp-content\/uploads\/2020\/03\/20180628_183420-scaled.jpg","contentUrl":"https:\/\/www.tallerestecnodur.com\/wp-content\/uploads\/2020\/03\/20180628_183420-scaled.jpg","width":2560,"height":1440},{"@type":"BreadcrumbList","@id":"https:\/\/www.tallerestecnodur.com\/?page_id=7#breadcrumb","itemListElement":[{"@type":"ListItem","position":1,"name":"Portada","item":"https:\/\/www.tallerestecnodur.com\/"},{"@type":"ListItem","position":2,"name":"Acerca de nosotros"}]},{"@type":"WebSite","@id":"https:\/\/www.tallerestecnodur.com\/#website","url":"https:\/\/www.tallerestecnodur.com\/","name":"Moldes para prefabricados de hormig\u00f3n","description":"","publisher":{"@id":"https:\/\/www.tallerestecnodur.com\/#organization"},"potentialAction":[{"@type":"SearchAction","target":{"@type":"EntryPoint","urlTemplate":"https:\/\/www.tallerestecnodur.com\/?s={search_term_string}"},"query-input":{"@type":"PropertyValueSpecification","valueRequired":true,"valueName":"search_term_string"}}],"inLanguage":"es"},{"@type":"Organization","@id":"https:\/\/www.tallerestecnodur.com\/#organization","name":"Moldes para prefabricados de hormig\u00f3n","url":"https:\/\/www.tallerestecnodur.com\/","logo":{"@type":"ImageObject","inLanguage":"es","@id":"https:\/\/www.tallerestecnodur.com\/#\/schema\/logo\/image\/","url":"https:\/\/www.tallerestecnodur.com\/wp-content\/uploads\/2020\/03\/cropped-LOGO.png","contentUrl":"https:\/\/www.tallerestecnodur.com\/wp-content\/uploads\/2020\/03\/cropped-LOGO.png","width":1368,"height":250,"caption":"Moldes para prefabricados de hormig\u00f3n"},"image":{"@id":"https:\/\/www.tallerestecnodur.com\/#\/schema\/logo\/image\/"}}]}},"_links":{"self":[{"href":"https:\/\/www.tallerestecnodur.com\/index.php?rest_route=\/wp\/v2\/pages\/7","targetHints":{"allow":["GET"]}}],"collection":[{"href":"https:\/\/www.tallerestecnodur.com\/index.php?rest_route=\/wp\/v2\/pages"}],"about":[{"href":"https:\/\/www.tallerestecnodur.com\/index.php?rest_route=\/wp\/v2\/types\/page"}],"author":[{"embeddable":true,"href":"https:\/\/www.tallerestecnodur.com\/index.php?rest_route=\/wp\/v2\/users\/1"}],"replies":[{"embeddable":true,"href":"https:\/\/www.tallerestecnodur.com\/index.php?rest_route=%2Fwp%2Fv2%2Fcomments&post=7"}],"version-history":[{"count":9,"href":"https:\/\/www.tallerestecnodur.com\/index.php?rest_route=\/wp\/v2\/pages\/7\/revisions"}],"predecessor-version":[{"id":304,"href":"https:\/\/www.tallerestecnodur.com\/index.php?rest_route=\/wp\/v2\/pages\/7\/revisions\/304"}],"wp:featuredmedia":[{"embeddable":true,"href":"https:\/\/www.tallerestecnodur.com\/index.php?rest_route=\/wp\/v2\/media\/75"}],"wp:attachment":[{"href":"https:\/\/www.tallerestecnodur.com\/index.php?rest_route=%2Fwp%2Fv2%2Fmedia&parent=7"}],"curies":[{"name":"wp","href":"https:\/\/api.w.org\/{rel}","templated":true}]}}